{"id":121,"date":"2021-02-03T19:13:20","date_gmt":"2021-02-03T18:13:20","guid":{"rendered":"http:\/\/gierczynowka.pl\/?page_id=121"},"modified":"2021-05-03T11:32:40","modified_gmt":"2021-05-03T09:32:40","slug":"pokoj-malinowy","status":"publish","type":"page","link":"https:\/\/gierczynowka.pl\/index.php\/oferta\/pokoj-malinowy\/","title":{"rendered":"Apartament \u201eMalinowy\u201d"},"content":{"rendered":"\n<p>Znajduje si\u0119 w nim jedno \u0142o\u017ce ma\u0142\u017ce\u0144skie, dwa osobne \u0142\u00f3\u017cka w mansardzie oraz \u0142azienka z kabin\u0105 prysznicow\u0105. <\/p>\n\n\n\n<p>Istnieje mo\u017cliwo\u015b\u0107 dostawienia dodatkowego \u0142\u00f3\u017cka.<\/p>\n\n\n<div id=\"grid-gallery-8-14772\" data-gg-id=\"8\" data-title=\"Pok\u00f3j malinowy\" data-grid-type=\"3\" data-offset=\"25.3\" data-area-position=\"center\" data-icons=\"\" data-preloader=\"true\" data-width=\"320\" data-height=\"215\" data-padding=\"150\" data-quicksand=\"disabled\" data-quicksand-duration=\"none\" data-popup-theme=\"theme_6\" data-popup-type=\"pretty-photo\" data-columns-number=\"3\" data-popup-image-text=\"data-description\" data-popup-widthsize=\"auto\" data-popup-heightsize=\"auto\" data-popup-i18n-words=\"{&quot;close&quot;:&quot;close&quot;,&quot;next&quot;:&quot;next&quot;,&quot;previous&quot;:&quot;previous&quot;,&quot;start_slideshow&quot;:&quot;start slideshow&quot;,&quot;stop_slideshow&quot;:&quot;stop slideshow&quot;,&quot;image&quot;:&quot;image&quot;,&quot;of&quot;:&quot;of&quot;,&quot;prev&quot;:&quot;prev&quot;,&quot;cExpand&quot;:&quot;Expand&quot;,&quot;cPrevious&quot;:&quot;Previous&quot;,&quot;cNext&quot;:&quot;Next&quot;,&quot;cExpandStr&quot;:&quot;Expand the image&quot;,&quot;cRotate&quot;:&quot;Rotate&quot;,&quot;cDetails&quot;:&quot;Details&quot;}\" data-popup-slideshow=\"false\" data-popup-slideshow-speed=\"2500\" data-popup-hoverstop=\"true\" data-popup-slideshow-auto=\"false\" data-popup-background=\"\" data-popup-transparency=\"30\" data-popup-disable-history=\"\" data-popup-disable-changed-url=\"\" data-popup-border-type=\"solid\" data-popup-border-color=\"\" data-popup-border-width=\"\" data-popup-border-enable=\"\" data-fullscreen=\"true\" data-hide-tooltip=\"false\" data-caption-font-family=\"Default\" data-caption-text-size=\"140\" data-is-mobile=\"0\" data-caption-mobile=\"false\" data-hide-long-tltp-title=\"0\" data-caption-disabled-on-mobile=\"false\" data-responsive-colums=\"{&quot;desktop&quot;:{&quot;width&quot;:&quot;1200&quot;,&quot;columns&quot;:&quot;3&quot;},&quot;tablet&quot;:{&quot;width&quot;:&quot;768&quot;,&quot;columns&quot;:&quot;3&quot;},&quot;mobile&quot;:{&quot;width&quot;:&quot;320&quot;,&quot;columns&quot;:&quot;3&quot;}}\" data-popup-placement-type=\"0\" data-social-sharing=\"{&quot;enabled&quot;:&quot;&quot;,&quot;gallerySharing&quot;:{&quot;enabled&quot;:null,&quot;position&quot;:null},&quot;imageSharing&quot;:{&quot;enabled&quot;:null,&quot;wrapperClass&quot;:&quot; vertical &quot;},&quot;popupSharing&quot;:{&quot;enabled&quot;:null,&quot;wrapperClass&quot;:&quot; vertical &quot;}}\" class=\"grid-gallery grid-gallery-fixed \" style=\" width:100%; height:auto; margin-left:auto; margin-right:auto;position:relative;\"> <div class=\"gallery-loading\"> <div class=\"blocks\"> <div class=\"block\"><\/div> <div class=\"block\"><\/div> <div class=\"block\"><\/div> <div class=\"block\"><\/div> <\/div> <\/div> <div class=\"gallery-sharing-top\" style=\"display:none;\"> <\/div> <div id=\"photos-8\" class=\"grid-gallery-photos\"><FIGURE class=\"grid-gallery-caption\" data-grid-gallery-type=\"quarter-slide-up\" data-index=\"0\" style=\"display:none;border-radius:00;; margin:25.3px; width:3200;\" ><div class=\"crop\" style=\" width:3200; height:2150; overflow:hidden;\"><img decoding=\"async\" src=\"http:\/\/gierczynowka.pl\/wp-content\/uploads\/2021\/02\/Pokoj-Malinowy-7-320x215.jpg\" class=\"ggImg ggNotInitImg\" alt=\"Pokoj Malinowy (7)\" data-description=\"Pokoj Malinowy (7)\" data-caption=\"Pokoj Malinowy (7)\" data-title=\"Pokoj Malinowy (7)\" style=\" width:320px; height:215px;\" \/><\/div><FIGCAPTION class=\"\" data-alpha=\"5\" style=\"color:#ffffff; background-color:#6f0000; font-size:140; text-align:left; font-family:Default;\" ><div class=\"grid-gallery-figcaption-wrap\" style=\"\"><\/div><\/FIGCAPTION><\/FIGURE><FIGURE class=\"grid-gallery-caption\" data-grid-gallery-type=\"quarter-slide-up\" data-index=\"1\" style=\"display:none;border-radius:00;; margin:25.3px; width:3200;\" ><div class=\"crop\" style=\" width:3200; height:2150; overflow:hidden;\"><img decoding=\"async\" src=\"http:\/\/gierczynowka.pl\/wp-content\/uploads\/2021\/02\/Pokoj-Malinowy-8-320x215.jpg\" class=\"ggImg ggNotInitImg\" alt=\"Pokoj Malinowy (8)\" data-description=\"Pokoj Malinowy (8)\" data-caption=\"Pokoj Malinowy (8)\" data-title=\"Pokoj Malinowy (8)\" style=\" width:320px; height:215px;\" \/><\/div><FIGCAPTION class=\"\" data-alpha=\"5\" style=\"color:#ffffff; background-color:#6f0000; font-size:140; text-align:left; font-family:Default;\" ><div class=\"grid-gallery-figcaption-wrap\" style=\"\"><\/div><\/FIGCAPTION><\/FIGURE><FIGURE class=\"grid-gallery-caption\" data-grid-gallery-type=\"quarter-slide-up\" data-index=\"2\" style=\"display:none;border-radius:00;; margin:25.3px; width:3200;\" ><div class=\"crop\" style=\" width:3200; height:2150; overflow:hidden;\"><img decoding=\"async\" src=\"http:\/\/gierczynowka.pl\/wp-content\/uploads\/2021\/02\/Pokoj-Malinowy-6-320x215.jpg\" class=\"ggImg ggNotInitImg\" alt=\"Pokoj Malinowy (6)\" data-description=\"Pokoj Malinowy (6)\" data-caption=\"Pokoj Malinowy (6)\" data-title=\"Pokoj Malinowy (6)\" style=\" width:320px; height:215px;\" \/><\/div><FIGCAPTION class=\"\" data-alpha=\"5\" style=\"color:#ffffff; background-color:#6f0000; font-size:140; text-align:left; font-family:Default;\" ><div class=\"grid-gallery-figcaption-wrap\" style=\"\"><\/div><\/FIGCAPTION><\/FIGURE><FIGURE class=\"grid-gallery-caption\" data-grid-gallery-type=\"quarter-slide-up\" data-index=\"3\" style=\"display:none;border-radius:00;; margin:25.3px; width:3200;\" ><div class=\"crop\" style=\" width:3200; height:2150; overflow:hidden;\"><img decoding=\"async\" src=\"http:\/\/gierczynowka.pl\/wp-content\/uploads\/2021\/02\/Pokoj-Malinowy-1-320x215.jpg\" class=\"ggImg ggNotInitImg\" alt=\"Pokoj Malinowy (1)\" data-description=\"Pokoj Malinowy (1)\" data-caption=\"Pokoj Malinowy (1)\" data-title=\"Pokoj Malinowy (1)\" style=\" width:320px; height:215px;\" \/><\/div><FIGCAPTION class=\"\" data-alpha=\"5\" style=\"color:#ffffff; background-color:#6f0000; font-size:140; text-align:left; font-family:Default;\" ><div class=\"grid-gallery-figcaption-wrap\" style=\"\"><\/div><\/FIGCAPTION><\/FIGURE><FIGURE class=\"grid-gallery-caption\" data-grid-gallery-type=\"quarter-slide-up\" data-index=\"4\" style=\"display:none;border-radius:00;; margin:25.3px; width:3200;\" ><div class=\"crop\" style=\" width:3200; height:2150; overflow:hidden;\"><img decoding=\"async\" src=\"http:\/\/gierczynowka.pl\/wp-content\/uploads\/2021\/02\/Pokoj-Malinowy-3-320x215.jpg\" class=\"ggImg ggNotInitImg\" alt=\"Pokoj Malinowy (3)\" data-description=\"Pokoj Malinowy (3)\" data-caption=\"Pokoj Malinowy (3)\" data-title=\"Pokoj Malinowy (3)\" style=\" width:320px; height:215px;\" \/><\/div><FIGCAPTION class=\"\" data-alpha=\"5\" style=\"color:#ffffff; background-color:#6f0000; font-size:140; text-align:left; font-family:Default;\" ><div class=\"grid-gallery-figcaption-wrap\" style=\"\"><\/div><\/FIGCAPTION><\/FIGURE> <div class=\"grid-gallery-clearfix\"><\/div> <\/div> <div class=\"gallery-sharing-bottom\" style=\"display:none;\"> <\/div> <div class=\"gallery-sharing-image\" style=\"display:none;\"> <\/div> <div class=\"gallery-sharing-popup\" style=\"display:none;\"> <\/div> <div class=\"grid-gallery-clearfix\"><\/div> <\/div> <!-- Gallery by Supsystic plugin1.15.27 -->\n","protected":false},"excerpt":{"rendered":"<p>Znajduje si\u0119 w nim jedno \u0142o\u017ce ma\u0142\u017ce\u0144skie, dwa osobne \u0142\u00f3\u017cka w mansardzie oraz \u0142azienka z kabin\u0105 prysznicow\u0105. Istnieje mo\u017cliwo\u015b\u0107 dostawienia dodatkowego \u0142\u00f3\u017cka.<\/p>\n","protected":false},"author":1,"featured_media":0,"parent":91,"menu_order":7,"comment_status":"closed","ping_status":"closed","template":"","meta":{"footnotes":""},"class_list":["post-121","page","type-page","status-publish","hentry"],"_links":{"self":[{"href":"https:\/\/gierczynowka.pl\/index.php\/wp-json\/wp\/v2\/pages\/121","targetHints":{"allow":["GET"]}}],"collection":[{"href":"https:\/\/gierczynowka.pl\/index.php\/wp-json\/wp\/v2\/pages"}],"about":[{"href":"https:\/\/gierczynowka.pl\/index.php\/wp-json\/wp\/v2\/types\/page"}],"author":[{"embeddable":true,"href":"https:\/\/gierczynowka.pl\/index.php\/wp-json\/wp\/v2\/users\/1"}],"replies":[{"embeddable":true,"href":"https:\/\/gierczynowka.pl\/index.php\/wp-json\/wp\/v2\/comments?post=121"}],"version-history":[{"count":6,"href":"https:\/\/gierczynowka.pl\/index.php\/wp-json\/wp\/v2\/pages\/121\/revisions"}],"predecessor-version":[{"id":449,"href":"https:\/\/gierczynowka.pl\/index.php\/wp-json\/wp\/v2\/pages\/121\/revisions\/449"}],"up":[{"embeddable":true,"href":"https:\/\/gierczynowka.pl\/index.php\/wp-json\/wp\/v2\/pages\/91"}],"wp:attachment":[{"href":"https:\/\/gierczynowka.pl\/index.php\/wp-json\/wp\/v2\/media?parent=121"}],"curies":[{"name":"wp","href":"https:\/\/api.w.org\/{rel}","templated":true}]}}