{"id":126,"date":"2021-02-03T19:18:34","date_gmt":"2021-02-03T18:18:34","guid":{"rendered":"http:\/\/gierczynowka.pl\/?page_id=126"},"modified":"2021-05-03T12:00:02","modified_gmt":"2021-05-03T10:00:02","slug":"dom-przyjazny-dzieciom","status":"publish","type":"page","link":"https:\/\/gierczynowka.pl\/index.php\/oferta\/dom-przyjazny-dzieciom\/","title":{"rendered":"Dom przyjazny dzieciom"},"content":{"rendered":"\n<p>Z my\u015bl\u0105 o najm\u0142odszych przygotowali\u015bmy r\u00f3\u017cne udogodnienia. Wypoczywaj\u0105c z dzie\u0107mi mog\u0105 Pa\u0144stwo liczy\u0107 w naszym domu na:<\/p>\n\n\n\n<ul class=\"wp-block-list\"><li>\u0142\u00f3\u017ceczka dzieci\u0119ce<\/li><li>krzese\u0142ka do karmienia<\/li><li>dodatkow\u0105 po\u015bciel<\/li><li>wanienk\u0119 do k\u0105pieli<\/li><li>k\u0105cik z zabawkami<\/li><li>biblioteczk\u0119 z ksi\u0105\u017ceczkami dla dzieci<\/li><li>piaskownic\u0119, zje\u017cd\u017calni\u0119, hu\u015btawki, trampolin\u0119 i trzepak w ogrodzie<\/li><\/ul>\n\n\n\n<p>Teren wok\u00f3\u0142 domu jest ogrodzony. Czas sp\u0119dzony na \u015bwie\u017cym powietrzu uprzyjemnia delikatny szum potoku. W upale dni przyjemny cie\u0144 rzuca przed domem stary orzech, dzi\u0119ki kt\u00f3remu nie ma u nas komar\u00f3w.<\/p>\n\n\n<div id=\"grid-gallery-10-88255\" data-gg-id=\"10\" data-title=\"Dom przyjazny dzieciom\" data-grid-type=\"3\" data-offset=\"25.3\" data-area-position=\"center\" data-icons=\"\" data-preloader=\"true\" data-width=\"320\" data-height=\"215\" data-padding=\"150\" data-quicksand=\"disabled\" data-quicksand-duration=\"none\" data-popup-theme=\"theme_6\" data-popup-type=\"pretty-photo\" data-columns-number=\"3\" data-popup-image-text=\"data-description\" data-popup-widthsize=\"auto\" data-popup-heightsize=\"auto\" data-popup-i18n-words=\"{&quot;close&quot;:&quot;close&quot;,&quot;next&quot;:&quot;next&quot;,&quot;previous&quot;:&quot;previous&quot;,&quot;start_slideshow&quot;:&quot;start slideshow&quot;,&quot;stop_slideshow&quot;:&quot;stop slideshow&quot;,&quot;image&quot;:&quot;image&quot;,&quot;of&quot;:&quot;of&quot;,&quot;prev&quot;:&quot;prev&quot;,&quot;cExpand&quot;:&quot;Expand&quot;,&quot;cPrevious&quot;:&quot;Previous&quot;,&quot;cNext&quot;:&quot;Next&quot;,&quot;cExpandStr&quot;:&quot;Expand the image&quot;,&quot;cRotate&quot;:&quot;Rotate&quot;,&quot;cDetails&quot;:&quot;Details&quot;}\" data-popup-slideshow=\"false\" data-popup-slideshow-speed=\"2500\" data-popup-hoverstop=\"true\" data-popup-slideshow-auto=\"false\" data-popup-background=\"\" data-popup-transparency=\"30\" data-popup-disable-history=\"\" data-popup-disable-changed-url=\"\" data-popup-border-type=\"solid\" data-popup-border-color=\"\" data-popup-border-width=\"\" data-popup-border-enable=\"\" data-fullscreen=\"true\" data-hide-tooltip=\"false\" data-caption-font-family=\"Default\" data-caption-text-size=\"140\" data-is-mobile=\"0\" data-caption-mobile=\"false\" data-hide-long-tltp-title=\"0\" data-caption-disabled-on-mobile=\"false\" data-responsive-colums=\"{&quot;desktop&quot;:{&quot;width&quot;:&quot;1200&quot;,&quot;columns&quot;:&quot;3&quot;},&quot;tablet&quot;:{&quot;width&quot;:&quot;768&quot;,&quot;columns&quot;:&quot;3&quot;},&quot;mobile&quot;:{&quot;width&quot;:&quot;320&quot;,&quot;columns&quot;:&quot;3&quot;}}\" data-popup-placement-type=\"0\" data-social-sharing=\"{&quot;enabled&quot;:&quot;&quot;,&quot;gallerySharing&quot;:{&quot;enabled&quot;:null,&quot;position&quot;:null},&quot;imageSharing&quot;:{&quot;enabled&quot;:null,&quot;wrapperClass&quot;:&quot; vertical &quot;},&quot;popupSharing&quot;:{&quot;enabled&quot;:null,&quot;wrapperClass&quot;:&quot; vertical &quot;}}\" class=\"grid-gallery grid-gallery-fixed \" style=\" width:100%; height:auto; margin-left:auto; margin-right:auto;position:relative;\"> <div class=\"gallery-loading\"> <div class=\"blocks\"> <div class=\"block\"><\/div> <div class=\"block\"><\/div> <div class=\"block\"><\/div> <div class=\"block\"><\/div> <\/div> <\/div> <div class=\"gallery-sharing-top\" style=\"display:none;\"> <\/div> <div id=\"photos-10\" class=\"grid-gallery-photos\"><FIGURE class=\"grid-gallery-caption\" data-grid-gallery-type=\"quarter-slide-up\" data-index=\"0\" style=\"display:none;border-radius:00;; margin:25.3px; width:3200;\" ><div class=\"crop\" style=\" width:3200; height:2150; overflow:hidden;\"><img decoding=\"async\" src=\"http:\/\/gierczynowka.pl\/wp-content\/uploads\/2021\/02\/G20-2-320x215.jpg\" class=\"ggImg ggNotInitImg\" alt=\"G20 (2)\" title=\"G20 (2)\" data-description=\"G20 (2)\" data-caption=\"G20 (2)\" data-title=\"G20 (2)\" style=\" width:320px; height:215px;\" \/><\/div><FIGCAPTION class=\"\" data-alpha=\"5\" style=\"color:#ffffff; background-color:#6f0000; font-size:140; text-align:left; font-family:Default;\" ><div class=\"grid-gallery-figcaption-wrap\" style=\"\"><\/div><\/FIGCAPTION><\/FIGURE><FIGURE class=\"grid-gallery-caption\" data-grid-gallery-type=\"quarter-slide-up\" data-index=\"1\" style=\"display:none;border-radius:00;; margin:25.3px; width:3200;\" ><div class=\"crop\" style=\" width:3200; height:2150; overflow:hidden;\"><img decoding=\"async\" src=\"http:\/\/gierczynowka.pl\/wp-content\/uploads\/2021\/02\/IMG_3994v1-320x215.jpg\" class=\"ggImg ggNotInitImg\" alt=\"IMG_3994v1+\" title=\"IMG_3994v1+\" data-description=\"IMG_3994v1+\" data-caption=\"IMG_3994v1+\" data-title=\"IMG_3994v1+\" style=\" width:320px; height:215px;\" \/><\/div><FIGCAPTION class=\"\" data-alpha=\"5\" style=\"color:#ffffff; background-color:#6f0000; font-size:140; text-align:left; font-family:Default;\" ><div class=\"grid-gallery-figcaption-wrap\" style=\"\"><\/div><\/FIGCAPTION><\/FIGURE><FIGURE class=\"grid-gallery-caption\" data-grid-gallery-type=\"quarter-slide-up\" data-index=\"2\" style=\"display:none;border-radius:00;; margin:25.3px; width:3200;\" ><div class=\"crop\" style=\" width:3200; height:2150; overflow:hidden;\"><img decoding=\"async\" src=\"http:\/\/gierczynowka.pl\/wp-content\/uploads\/2021\/02\/IMG_3939v1-320x215.jpg\" class=\"ggImg ggNotInitImg\" alt=\"IMG_3939v1+\" title=\"IMG_3939v1+\" data-description=\"IMG_3939v1+\" data-caption=\"IMG_3939v1+\" data-title=\"IMG_3939v1+\" style=\" width:320px; height:215px;\" \/><\/div><FIGCAPTION class=\"\" data-alpha=\"5\" style=\"color:#ffffff; background-color:#6f0000; font-size:140; text-align:left; font-family:Default;\" ><div class=\"grid-gallery-figcaption-wrap\" style=\"\"><\/div><\/FIGCAPTION><\/FIGURE><FIGURE class=\"grid-gallery-caption\" data-grid-gallery-type=\"quarter-slide-up\" data-index=\"3\" style=\"display:none;border-radius:00;; margin:25.3px; width:3200;\" ><div class=\"crop\" style=\" width:3200; height:2150; overflow:hidden;\"><img decoding=\"async\" src=\"http:\/\/gierczynowka.pl\/wp-content\/uploads\/2021\/02\/IMG_3934v1-320x215.jpg\" class=\"ggImg ggNotInitImg\" alt=\"IMG_3934v1+\" title=\"IMG_3934v1+\" data-description=\"IMG_3934v1+\" data-caption=\"IMG_3934v1+\" data-title=\"IMG_3934v1+\" style=\" width:320px; height:215px;\" \/><\/div><FIGCAPTION class=\"\" data-alpha=\"5\" style=\"color:#ffffff; background-color:#6f0000; font-size:140; text-align:left; font-family:Default;\" ><div class=\"grid-gallery-figcaption-wrap\" style=\"\"><\/div><\/FIGCAPTION><\/FIGURE><FIGURE class=\"grid-gallery-caption\" data-grid-gallery-type=\"quarter-slide-up\" data-index=\"4\" style=\"display:none;border-radius:00;; margin:25.3px; width:3200;\" ><div class=\"crop\" style=\" width:3200; height:2150; overflow:hidden;\"><img decoding=\"async\" src=\"http:\/\/gierczynowka.pl\/wp-content\/uploads\/2021\/02\/IMG_3615v1-320x215.jpg\" class=\"ggImg ggNotInitImg\" alt=\"IMG_3615v1\" title=\"IMG_3615v1\" data-description=\"IMG_3615v1\" data-caption=\"IMG_3615v1\" data-title=\"IMG_3615v1\" style=\" width:320px; height:215px;\" \/><\/div><FIGCAPTION class=\"\" data-alpha=\"5\" style=\"color:#ffffff; background-color:#6f0000; font-size:140; text-align:left; font-family:Default;\" ><div class=\"grid-gallery-figcaption-wrap\" style=\"\"><\/div><\/FIGCAPTION><\/FIGURE><FIGURE class=\"grid-gallery-caption\" data-grid-gallery-type=\"quarter-slide-up\" data-index=\"5\" style=\"display:none;border-radius:00;; margin:25.3px; width:3200;\" ><div class=\"crop\" style=\" width:3200; height:2150; overflow:hidden;\"><img decoding=\"async\" src=\"http:\/\/gierczynowka.pl\/wp-content\/uploads\/2021\/02\/IMG_5132v1-320x215.jpg\" class=\"ggImg ggNotInitImg\" alt=\"IMG_5132v1+\" title=\"IMG_5132v1+\" data-description=\"IMG_5132v1+\" data-caption=\"IMG_5132v1+\" data-title=\"IMG_5132v1+\" style=\" width:320px; height:215px;\" \/><\/div><FIGCAPTION class=\"\" data-alpha=\"5\" style=\"color:#ffffff; background-color:#6f0000; font-size:140; text-align:left; font-family:Default;\" ><div class=\"grid-gallery-figcaption-wrap\" style=\"\"><\/div><\/FIGCAPTION><\/FIGURE><FIGURE class=\"grid-gallery-caption\" data-grid-gallery-type=\"quarter-slide-up\" data-index=\"6\" style=\"display:none;border-radius:00;; margin:25.3px; width:3200;\" ><div class=\"crop\" style=\" width:3200; height:2150; overflow:hidden;\"><img decoding=\"async\" src=\"http:\/\/gierczynowka.pl\/wp-content\/uploads\/2021\/02\/IMG_5206v1-320x215.jpg\" class=\"ggImg ggNotInitImg\" alt=\"IMG_5206v1+\" title=\"IMG_5206v1+\" data-description=\"IMG_5206v1+\" data-caption=\"IMG_5206v1+\" data-title=\"IMG_5206v1+\" style=\" width:320px; height:215px;\" \/><\/div><FIGCAPTION class=\"\" data-alpha=\"5\" style=\"color:#ffffff; background-color:#6f0000; font-size:140; text-align:left; font-family:Default;\" ><div class=\"grid-gallery-figcaption-wrap\" style=\"\"><\/div><\/FIGCAPTION><\/FIGURE><FIGURE class=\"grid-gallery-caption\" data-grid-gallery-type=\"quarter-slide-up\" data-index=\"7\" style=\"display:none;border-radius:00;; margin:25.3px; width:3200;\" ><div class=\"crop\" style=\" width:3200; height:2150; overflow:hidden;\"><img decoding=\"async\" src=\"http:\/\/gierczynowka.pl\/wp-content\/uploads\/2021\/02\/IMG_5210v1-320x215.jpg\" class=\"ggImg ggNotInitImg\" alt=\"IMG_5210v1+\" title=\"IMG_5210v1+\" data-description=\"IMG_5210v1+\" data-caption=\"IMG_5210v1+\" data-title=\"IMG_5210v1+\" style=\" width:320px; height:215px;\" \/><\/div><FIGCAPTION class=\"\" data-alpha=\"5\" style=\"color:#ffffff; background-color:#6f0000; font-size:140; text-align:left; font-family:Default;\" ><div class=\"grid-gallery-figcaption-wrap\" style=\"\"><\/div><\/FIGCAPTION><\/FIGURE> <div class=\"grid-gallery-clearfix\"><\/div> <\/div> <div class=\"gallery-sharing-bottom\" style=\"display:none;\"> <\/div> <div class=\"gallery-sharing-image\" style=\"display:none;\"> <\/div> <div class=\"gallery-sharing-popup\" style=\"display:none;\"> <\/div> <div class=\"grid-gallery-clearfix\"><\/div> <\/div> <!-- Gallery by Supsystic plugin1.15.27 -->\n","protected":false},"excerpt":{"rendered":"<p>Z my\u015bl\u0105 o najm\u0142odszych przygotowali\u015bmy r\u00f3\u017cne udogodnienia. Wypoczywaj\u0105c z dzie\u0107mi mog\u0105 Pa\u0144stwo liczy\u0107 w naszym domu na: \u0142\u00f3\u017ceczka dzieci\u0119ce krzese\u0142ka do karmienia dodatkow\u0105 po\u015bciel wanienk\u0119 do k\u0105pieli k\u0105cik z zabawkami biblioteczk\u0119 z ksi\u0105\u017ceczkami dla dzieci piaskownic\u0119, zje\u017cd\u017calni\u0119, hu\u015btawki, trampolin\u0119 i trzepak w ogrodzie Teren wok\u00f3\u0142 domu jest ogrodzony. Czas sp\u0119dzony na \u015bwie\u017cym powietrzu uprzyjemnia delikatny &hellip; <\/p>\n<p class=\"link-more\"><a href=\"https:\/\/gierczynowka.pl\/index.php\/oferta\/dom-przyjazny-dzieciom\/\" class=\"more-link\">Czytaj dalej<span class=\"screen-reader-text\"> \u201eDom przyjazny dzieciom\u201d<\/span><\/a><\/p>\n","protected":false},"author":1,"featured_media":0,"parent":91,"menu_order":5,"comment_status":"closed","ping_status":"closed","template":"","meta":{"footnotes":""},"class_list":["post-126","page","type-page","status-publish","hentry"],"_links":{"self":[{"href":"https:\/\/gierczynowka.pl\/index.php\/wp-json\/wp\/v2\/pages\/126","targetHints":{"allow":["GET"]}}],"collection":[{"href":"https:\/\/gierczynowka.pl\/index.php\/wp-json\/wp\/v2\/pages"}],"about":[{"href":"https:\/\/gierczynowka.pl\/index.php\/wp-json\/wp\/v2\/types\/page"}],"author":[{"embeddable":true,"href":"https:\/\/gierczynowka.pl\/index.php\/wp-json\/wp\/v2\/users\/1"}],"replies":[{"embeddable":true,"href":"https:\/\/gierczynowka.pl\/index.php\/wp-json\/wp\/v2\/comments?post=126"}],"version-history":[{"count":4,"href":"https:\/\/gierczynowka.pl\/index.php\/wp-json\/wp\/v2\/pages\/126\/revisions"}],"predecessor-version":[{"id":452,"href":"https:\/\/gierczynowka.pl\/index.php\/wp-json\/wp\/v2\/pages\/126\/revisions\/452"}],"up":[{"embeddable":true,"href":"https:\/\/gierczynowka.pl\/index.php\/wp-json\/wp\/v2\/pages\/91"}],"wp:attachment":[{"href":"https:\/\/gierczynowka.pl\/index.php\/wp-json\/wp\/v2\/media?parent=126"}],"curies":[{"name":"wp","href":"https:\/\/api.w.org\/{rel}","templated":true}]}}