{"id":227,"date":"2021-02-11T08:34:16","date_gmt":"2021-02-11T07:34:16","guid":{"rendered":"http:\/\/gierczynowka.pl\/?page_id=227"},"modified":"2021-02-11T08:37:09","modified_gmt":"2021-02-11T07:37:09","slug":"faq","status":"publish","type":"page","link":"https:\/\/gierczynowka.pl\/index.php\/faq\/","title":{"rendered":"FAQ"},"content":{"rendered":"<section id='' \n                class='helpie-faq accordions faq-toggle custom-styles' \n                data-collection='' \n                data-pagination='0' \n                data-search='0' \n                data-pagination-enabled='0'\n                role='region'\n                aria-label='FAQ Section'\n                aria-live='polite'><h3 class=\"collection-title\">Wasze pytania<\/h3><form class=\"search\" onSubmit=\"return false;\"><div class=\"search__wrapper\"><input type=\"text\" class=\"search__input\" aria-label=\"Search\" placeholder=\"Search FAQ\"><span class=\"search__icon\"><svg class=\"svg-icon--search\" role=\"img\" xmlns=\"http:\/\/www.w3.org\/2000\/svg\" viewBox=\"0 0 22 22\">\r\n                        <g fill=\"none\" stroke=\"#171717\">\r\n                            <path stroke-linecap=\"square\" stroke-width=\"2\" d=\"M18.5 18.3l-5.4-5.4\"\/>\r\n                            <circle cx=\"8\" cy=\"8\" r=\"7\" stroke-width=\"2\"\/>\r\n                        <\/g>\r\n                    <\/svg><\/span><\/div><div class=\"search__message\"><\/div><\/form><article class=\"accordion \"><div class='helpie-faq-row'><div class='helpie-faq-col helpie-faq-col-12' ><ul><li class=\"accordion__item \"><div class=\"accordion__header \" \r\n                id=\"accordion-header-post-224\"\r\n                role=\"button\"\r\n                aria-expanded=\"false\"\r\n                aria-controls=\"accordion-content-post-224\"\r\n                data-id=\"post-224\" \r\n                data-item=\"hfaq-post-224\" \r\n                style=\"background:#FFFFFF;\" \r\n                data-tags=\"\"\r\n                tabindex=\"0\"><div class=\"accordion__title\">Jak mo\u017cna do was dojecha\u0107.<\/div><\/div><div id=\"accordion-content-post-224\" \r\n                class=\"accordion__body\" \r\n                role=\"region\"\r\n                aria-labelledby=\"accordion-header-post-224\"\r\n                style=\"background:#FCFCFC;\"><p>Lokalizacj\u0119 Gierczyn\u00f3w znajdziecie Pa\u0144stwo <a href=\"https:\/\/www.google.com\/maps?ll=50.92972,15.400304&amp;z=13&amp;t=m&amp;hl=pl&amp;gl=PL&amp;mapclient=embed&amp;cid=5863079053743692600\">Google Maps.<\/a><\/p>\n<\/div><\/li><\/ul><\/div><\/div><\/article><\/section>\n","protected":false},"excerpt":{"rendered":"","protected":false},"author":1,"featured_media":0,"parent":0,"menu_order":0,"comment_status":"closed","ping_status":"closed","template":"","meta":{"footnotes":""},"class_list":["post-227","page","type-page","status-publish","hentry"],"_links":{"self":[{"href":"https:\/\/gierczynowka.pl\/index.php\/wp-json\/wp\/v2\/pages\/227","targetHints":{"allow":["GET"]}}],"collection":[{"href":"https:\/\/gierczynowka.pl\/index.php\/wp-json\/wp\/v2\/pages"}],"about":[{"href":"https:\/\/gierczynowka.pl\/index.php\/wp-json\/wp\/v2\/types\/page"}],"author":[{"embeddable":true,"href":"https:\/\/gierczynowka.pl\/index.php\/wp-json\/wp\/v2\/users\/1"}],"replies":[{"embeddable":true,"href":"https:\/\/gierczynowka.pl\/index.php\/wp-json\/wp\/v2\/comments?post=227"}],"version-history":[{"count":2,"href":"https:\/\/gierczynowka.pl\/index.php\/wp-json\/wp\/v2\/pages\/227\/revisions"}],"predecessor-version":[{"id":459,"href":"https:\/\/gierczynowka.pl\/index.php\/wp-json\/wp\/v2\/pages\/227\/revisions\/459"}],"wp:attachment":[{"href":"https:\/\/gierczynowka.pl\/index.php\/wp-json\/wp\/v2\/media?parent=227"}],"curies":[{"name":"wp","href":"https:\/\/api.w.org\/{rel}","templated":true}]}}