{"id":8,"date":"2021-02-02T17:50:28","date_gmt":"2021-02-02T16:50:28","guid":{"rendered":"http:\/\/gierczynowka.pl\/?page_id=8"},"modified":"2025-04-10T20:09:46","modified_gmt":"2025-04-10T18:09:46","slug":"strona-glowna","status":"publish","type":"page","link":"https:\/\/gierczynowka.pl\/","title":{"rendered":"Gierczyn\u00f3wka"},"content":{"rendered":"<p>Kilkana\u015bcie lat temu, poszukuj\u0105c swojego miejsca na ziemi, trafili\u015bmy na ponad 100-letni\u0105 chat\u0119 wiejsk\u0105, kt\u00f3ra chocia\u017c pozbawiona by\u0142a wszelkich wyg\u00f3d cywilizacyjnych, urzek\u0142a nas swoim klimatem i po\u0142o\u017ceniem. Kilkuletnim nak\u0142adem pracy uda\u0142o nam si\u0119 j\u0105 odrestaurowa\u0107 i przystosowa\u0107 do komfortowego sp\u0119dzania czasu.<\/p>\n","protected":false},"excerpt":{"rendered":"<p>Kilkana\u015bcie lat temu, poszukuj\u0105c swojego miejsca na ziemi, trafili\u015bmy na ponad 100-letni\u0105 chat\u0119 wiejsk\u0105, kt\u00f3ra chocia\u017c pozbawiona by\u0142a wszelkich wyg\u00f3d cywilizacyjnych, urzek\u0142a nas swoim klimatem i po\u0142o\u017ceniem. Kilkuletnim nak\u0142adem pracy uda\u0142o nam si\u0119 j\u0105 odrestaurowa\u0107 i przystosowa\u0107 do komfortowego sp\u0119dzania czasu.<\/p>\n","protected":false},"author":1,"featured_media":494,"parent":0,"menu_order":0,"comment_status":"closed","ping_status":"closed","template":"","meta":{"footnotes":""},"class_list":["post-8","page","type-page","status-publish","has-post-thumbnail","hentry"],"_links":{"self":[{"href":"https:\/\/gierczynowka.pl\/index.php\/wp-json\/wp\/v2\/pages\/8","targetHints":{"allow":["GET"]}}],"collection":[{"href":"https:\/\/gierczynowka.pl\/index.php\/wp-json\/wp\/v2\/pages"}],"about":[{"href":"https:\/\/gierczynowka.pl\/index.php\/wp-json\/wp\/v2\/types\/page"}],"author":[{"embeddable":true,"href":"https:\/\/gierczynowka.pl\/index.php\/wp-json\/wp\/v2\/users\/1"}],"replies":[{"embeddable":true,"href":"https:\/\/gierczynowka.pl\/index.php\/wp-json\/wp\/v2\/comments?post=8"}],"version-history":[{"count":4,"href":"https:\/\/gierczynowka.pl\/index.php\/wp-json\/wp\/v2\/pages\/8\/revisions"}],"predecessor-version":[{"id":80,"href":"https:\/\/gierczynowka.pl\/index.php\/wp-json\/wp\/v2\/pages\/8\/revisions\/80"}],"wp:featuredmedia":[{"embeddable":true,"href":"https:\/\/gierczynowka.pl\/index.php\/wp-json\/wp\/v2\/media\/494"}],"wp:attachment":[{"href":"https:\/\/gierczynowka.pl\/index.php\/wp-json\/wp\/v2\/media?parent=8"}],"curies":[{"name":"wp","href":"https:\/\/api.w.org\/{rel}","templated":true}]}}