{"id":9,"date":"2021-02-02T17:50:28","date_gmt":"2021-02-02T16:50:28","guid":{"rendered":"http:\/\/gierczynowka.pl\/?page_id=9"},"modified":"2021-05-03T11:16:35","modified_gmt":"2021-05-03T09:16:35","slug":"dom","status":"publish","type":"page","link":"https:\/\/gierczynowka.pl\/index.php\/dom\/","title":{"rendered":"Dom"},"content":{"rendered":"<p>Budownictwo drewniane, a w szczeg\u00f3lno\u015bci o konstrukcji ryglowej, stanowi charakterystyczny pejza\u017c wsi na Przedg\u00f3rzu Sudeckim. Nasz dom jest przyk\u0142adem wiernie odtworzonej konstrukcji charakterystycznej dla architektury wiejskiej w tej okolicy. \u201eGierczyn\u00f3wka\u201d to jeden ze starszych zachowanych dom\u00f3w budownictwa sudeckiego w tej okolicy. Zosta\u0142 wyremontowany z dba\u0142o\u015bci\u0105 o jego wygl\u0105d pierwotny.<!--more--><\/p>\n<p>Podczas trwaj\u0105cych kilka lat prac remontowych zosta\u0142y odtworzone takie elementy jak okna drewniane skrzynkowe z ich charakterystycznym uk\u0142adem, okna-lukarny na pi\u0119trze czy niekt\u00f3re elementy stolarki wewn\u0119trznej, jak np. oryginalne stropy belkowe. Elementy te wraz z wystrojem wn\u0119trz tworz\u0105 niepowtarzalny klimat starego wiejskiego domu.<\/p>\n<p>&#8222;Gierczyn\u00f3wka&#8221; to idealne miejsce do wypoczynku rodzinnego lub towarzyskiego. Mo\u017cna tu \u015bwi\u0119towa\u0107 uroczysto\u015bci rodzinne, spotka\u0107 si\u0119 z przyjaci\u00f3\u0142mi lub sp\u0119dzi\u0107 aktywnie czas korzystaj\u0105c z pobliskich atrakcji turystycznych.<\/p>\n<p>Do dyspozycji go\u015bci jest rozleg\u0142a dzia\u0142ka z sadem owocowym, placem zabaw dla dzieci i miejscem do biesiadowania. \u00a0Na terenie posesji znajduje si\u0119 r\u00f3wnie\u017c miejsce na grilla i ognisko, budynek gospodarczy oraz parking. Dodatkow\u0105 atrakcj\u0119 stanowi szum g\u00f3rskiej rzeczki Czarnotki, kt\u00f3rej strumie\u0144 przep\u0142ywa przez teren dzia\u0142ki.<\/p>\n<p>Niew\u0105tpliwym atutem &#8222;Gierczyn\u00f3wki&#8221; jest stara piwniczka wykonana z kamienia \u0142upkowego, kt\u00f3ra dzisiaj pe\u0142ni rol\u0119 spi\u017carni.<\/p>\n\n<div id=\"grid-gallery-4-97284\" data-gg-id=\"4\" data-title=\"Dom\" data-grid-type=\"3\" data-offset=\"25.3\" data-area-position=\"center\" data-icons=\"\" data-preloader=\"true\" data-width=\"320\" data-height=\"215\" data-padding=\"150\" data-quicksand=\"disabled\" data-quicksand-duration=\"none\" data-popup-theme=\"theme_6\" data-popup-type=\"pretty-photo\" data-columns-number=\"3\" data-popup-image-text=\"data-title\" data-popup-widthsize=\"auto\" data-popup-heightsize=\"auto\" data-popup-i18n-words=\"{&quot;close&quot;:&quot;close&quot;,&quot;next&quot;:&quot;next&quot;,&quot;previous&quot;:&quot;previous&quot;,&quot;start_slideshow&quot;:&quot;start slideshow&quot;,&quot;stop_slideshow&quot;:&quot;stop slideshow&quot;,&quot;image&quot;:&quot;image&quot;,&quot;of&quot;:&quot;of&quot;,&quot;prev&quot;:&quot;prev&quot;,&quot;cExpand&quot;:&quot;Expand&quot;,&quot;cPrevious&quot;:&quot;Previous&quot;,&quot;cNext&quot;:&quot;Next&quot;,&quot;cExpandStr&quot;:&quot;Expand the image&quot;,&quot;cRotate&quot;:&quot;Rotate&quot;,&quot;cDetails&quot;:&quot;Details&quot;}\" data-popup-slideshow=\"false\" data-popup-slideshow-speed=\"2500\" data-popup-hoverstop=\"true\" data-popup-slideshow-auto=\"false\" data-popup-background=\"\" data-popup-transparency=\"30\" data-popup-disable-history=\"\" data-popup-disable-changed-url=\"\" data-popup-border-type=\"solid\" data-popup-border-color=\"\" data-popup-border-width=\"\" data-popup-border-enable=\"\" data-fullscreen=\"true\" data-hide-tooltip=\"false\" data-caption-font-family=\"Default\" data-caption-text-size=\"140\" data-is-mobile=\"0\" data-caption-mobile=\"false\" data-hide-long-tltp-title=\"0\" data-caption-disabled-on-mobile=\"false\" data-responsive-colums=\"{&quot;desktop&quot;:{&quot;width&quot;:&quot;1200&quot;,&quot;columns&quot;:&quot;3&quot;},&quot;tablet&quot;:{&quot;width&quot;:&quot;768&quot;,&quot;columns&quot;:&quot;3&quot;},&quot;mobile&quot;:{&quot;width&quot;:&quot;320&quot;,&quot;columns&quot;:&quot;3&quot;}}\" data-popup-placement-type=\"0\" data-social-sharing=\"{&quot;enabled&quot;:&quot;&quot;,&quot;gallerySharing&quot;:{&quot;enabled&quot;:null,&quot;position&quot;:null},&quot;imageSharing&quot;:{&quot;enabled&quot;:null,&quot;wrapperClass&quot;:&quot; vertical &quot;},&quot;popupSharing&quot;:{&quot;enabled&quot;:null,&quot;wrapperClass&quot;:&quot; vertical &quot;}}\" class=\"grid-gallery grid-gallery-fixed \" style=\" width:100%; height:auto; margin-left:auto; margin-right:auto;position:relative;\"> <div class=\"gallery-loading\"> <div class=\"blocks\"> <div class=\"block\"><\/div> <div class=\"block\"><\/div> <div class=\"block\"><\/div> <div class=\"block\"><\/div> <\/div> <\/div> <div class=\"gallery-sharing-top\" style=\"display:none;\"> <\/div> <div id=\"photos-4\" class=\"grid-gallery-photos\"><FIGURE class=\"grid-gallery-caption\" data-grid-gallery-type=\"quarter-slide-up\" data-index=\"0\" style=\"display:none;border-radius:00;; margin:25.3px; width:3200;\" ><div class=\"crop\" style=\" width:3200; height:2150; overflow:hidden;\"><img decoding=\"async\" src=\"http:\/\/gierczynowka.pl\/wp-content\/uploads\/2021\/02\/cropped-Dom-320x215.jpg\" class=\"ggImg ggNotInitImg\" alt=\"cropped-Dom.jpg\" data-description=\"cropped-Dom.jpg\" data-caption=\"cropped-Dom.jpg\" data-title=\"cropped-Dom.jpg\" style=\" width:320px; height:215px;\" \/><\/div><FIGCAPTION class=\"\" data-alpha=\"5\" style=\"color:#ffffff; background-color:#6f0000; font-size:140; text-align:left; font-family:Default;\" ><div class=\"grid-gallery-figcaption-wrap\" style=\"\"><\/div><\/FIGCAPTION><\/FIGURE><FIGURE class=\"grid-gallery-caption\" data-grid-gallery-type=\"quarter-slide-up\" data-index=\"1\" style=\"display:none;border-radius:00;; margin:25.3px; width:3200;\" ><div class=\"crop\" style=\" width:3200; height:2150; overflow:hidden;\"><img decoding=\"async\" src=\"http:\/\/gierczynowka.pl\/wp-content\/uploads\/2021\/02\/IMG_5132v1-320x215.jpg\" class=\"ggImg ggNotInitImg\" alt=\"IMG_5132v1+\" data-description=\"IMG_5132v1+\" data-caption=\"IMG_5132v1+\" data-title=\"IMG_5132v1+\" style=\" width:320px; height:215px;\" \/><\/div><FIGCAPTION class=\"\" data-alpha=\"5\" style=\"color:#ffffff; background-color:#6f0000; font-size:140; text-align:left; font-family:Default;\" ><div class=\"grid-gallery-figcaption-wrap\" style=\"\"><\/div><\/FIGCAPTION><\/FIGURE><FIGURE class=\"grid-gallery-caption\" data-grid-gallery-type=\"quarter-slide-up\" data-index=\"2\" style=\"display:none;border-radius:00;; margin:25.3px; width:3200;\" ><div class=\"crop\" style=\" width:3200; height:2150; overflow:hidden;\"><img decoding=\"async\" src=\"http:\/\/gierczynowka.pl\/wp-content\/uploads\/2021\/02\/IMG_5206v1-320x215.jpg\" class=\"ggImg ggNotInitImg\" alt=\"IMG_5206v1+\" data-description=\"IMG_5206v1+\" data-caption=\"IMG_5206v1+\" data-title=\"IMG_5206v1+\" style=\" width:320px; height:215px;\" \/><\/div><FIGCAPTION class=\"\" data-alpha=\"5\" style=\"color:#ffffff; background-color:#6f0000; font-size:140; text-align:left; font-family:Default;\" ><div class=\"grid-gallery-figcaption-wrap\" style=\"\"><\/div><\/FIGCAPTION><\/FIGURE><FIGURE class=\"grid-gallery-caption\" data-grid-gallery-type=\"quarter-slide-up\" data-index=\"3\" style=\"display:none;border-radius:00;; margin:25.3px; width:3200;\" ><div class=\"crop\" style=\" width:3200; height:2150; overflow:hidden;\"><img decoding=\"async\" src=\"http:\/\/gierczynowka.pl\/wp-content\/uploads\/2021\/02\/St\u00f3\u0142-na-zewnatrz-2-320x215.jpg\" class=\"ggImg ggNotInitImg\" alt=\"St\u00f3\u0142 na zewnatrz 2\" data-description=\"St\u00f3\u0142 na zewnatrz 2\" data-caption=\"St\u00f3\u0142 na zewnatrz 2\" data-title=\"St\u00f3\u0142 na zewnatrz 2\" style=\" width:320px; height:215px;\" \/><\/div><FIGCAPTION class=\"\" data-alpha=\"5\" style=\"color:#ffffff; background-color:#6f0000; font-size:140; text-align:left; font-family:Default;\" ><div class=\"grid-gallery-figcaption-wrap\" style=\"\"><\/div><\/FIGCAPTION><\/FIGURE><FIGURE class=\"grid-gallery-caption\" data-grid-gallery-type=\"quarter-slide-up\" data-index=\"4\" style=\"display:none;border-radius:00;; margin:25.3px; width:3200;\" ><div class=\"crop\" style=\" width:3200; height:2150; overflow:hidden;\"><img decoding=\"async\" src=\"http:\/\/gierczynowka.pl\/wp-content\/uploads\/2021\/02\/IMG_5091v1-320x215.jpg\" class=\"ggImg ggNotInitImg\" alt=\"IMG_5091v1+\" data-description=\"IMG_5091v1+\" data-caption=\"IMG_5091v1+\" data-title=\"IMG_5091v1+\" style=\" width:320px; height:215px;\" \/><\/div><FIGCAPTION class=\"\" data-alpha=\"5\" style=\"color:#ffffff; background-color:#6f0000; font-size:140; text-align:left; font-family:Default;\" ><div class=\"grid-gallery-figcaption-wrap\" style=\"\"><\/div><\/FIGCAPTION><\/FIGURE><FIGURE class=\"grid-gallery-caption\" data-grid-gallery-type=\"quarter-slide-up\" data-index=\"5\" style=\"display:none;border-radius:00;; margin:25.3px; width:3200;\" ><div class=\"crop\" style=\" width:3200; height:2150; overflow:hidden;\"><img decoding=\"async\" src=\"http:\/\/gierczynowka.pl\/wp-content\/uploads\/2021\/02\/IMG_5088v1-320x215.jpg\" class=\"ggImg ggNotInitImg\" alt=\"IMG_5088v1+\" data-description=\"IMG_5088v1+\" data-caption=\"IMG_5088v1+\" data-title=\"IMG_5088v1+\" style=\" width:320px; height:215px;\" \/><\/div><FIGCAPTION class=\"\" data-alpha=\"5\" style=\"color:#ffffff; background-color:#6f0000; font-size:140; text-align:left; font-family:Default;\" ><div class=\"grid-gallery-figcaption-wrap\" style=\"\"><\/div><\/FIGCAPTION><\/FIGURE><FIGURE class=\"grid-gallery-caption\" data-grid-gallery-type=\"quarter-slide-up\" data-index=\"6\" style=\"display:none;border-radius:00;; margin:25.3px; width:3200;\" ><div class=\"crop\" style=\" width:3200; height:2150; overflow:hidden;\"><img decoding=\"async\" src=\"http:\/\/gierczynowka.pl\/wp-content\/uploads\/2021\/02\/IMG_3994v1-320x215.jpg\" class=\"ggImg ggNotInitImg\" alt=\"IMG_3994v1+\" data-description=\"IMG_3994v1+\" data-caption=\"IMG_3994v1+\" data-title=\"IMG_3994v1+\" style=\" width:320px; height:215px;\" \/><\/div><FIGCAPTION class=\"\" data-alpha=\"5\" style=\"color:#ffffff; background-color:#6f0000; font-size:140; text-align:left; font-family:Default;\" ><div class=\"grid-gallery-figcaption-wrap\" style=\"\"><\/div><\/FIGCAPTION><\/FIGURE><FIGURE class=\"grid-gallery-caption\" data-grid-gallery-type=\"quarter-slide-up\" data-index=\"7\" style=\"display:none;border-radius:00;; margin:25.3px; width:3200;\" ><div class=\"crop\" style=\" width:3200; height:2150; overflow:hidden;\"><img decoding=\"async\" src=\"http:\/\/gierczynowka.pl\/wp-content\/uploads\/2021\/02\/IMG_3983v1-320x215.jpg\" class=\"ggImg ggNotInitImg\" alt=\"IMG_3983v1+\" data-description=\"IMG_3983v1+\" data-caption=\"IMG_3983v1+\" data-title=\"IMG_3983v1+\" style=\" width:320px; height:215px;\" \/><\/div><FIGCAPTION class=\"\" data-alpha=\"5\" style=\"color:#ffffff; background-color:#6f0000; font-size:140; text-align:left; font-family:Default;\" ><div class=\"grid-gallery-figcaption-wrap\" style=\"\"><\/div><\/FIGCAPTION><\/FIGURE><FIGURE class=\"grid-gallery-caption\" data-grid-gallery-type=\"quarter-slide-up\" data-index=\"8\" style=\"display:none;border-radius:00;; margin:25.3px; width:3200;\" ><div class=\"crop\" style=\" width:3200; height:2150; overflow:hidden;\"><img decoding=\"async\" src=\"http:\/\/gierczynowka.pl\/wp-content\/uploads\/2021\/02\/IMG_3939v1-320x215.jpg\" class=\"ggImg ggNotInitImg\" alt=\"IMG_3939v1+\" data-description=\"IMG_3939v1+\" data-caption=\"IMG_3939v1+\" data-title=\"IMG_3939v1+\" style=\" width:320px; height:215px;\" \/><\/div><FIGCAPTION class=\"\" data-alpha=\"5\" style=\"color:#ffffff; background-color:#6f0000; font-size:140; text-align:left; font-family:Default;\" ><div class=\"grid-gallery-figcaption-wrap\" style=\"\"><\/div><\/FIGCAPTION><\/FIGURE><FIGURE class=\"grid-gallery-caption\" data-grid-gallery-type=\"quarter-slide-up\" data-index=\"9\" style=\"display:none;border-radius:00;; margin:25.3px; width:3200;\" ><div class=\"crop\" style=\" width:3200; height:2150; overflow:hidden;\"><img decoding=\"async\" src=\"http:\/\/gierczynowka.pl\/wp-content\/uploads\/2021\/02\/IMG_5093-320x215.jpg\" class=\"ggImg ggNotInitImg\" alt=\"IMG_5093+\" data-description=\"IMG_5093+\" data-caption=\"IMG_5093+\" data-title=\"IMG_5093+\" style=\" width:320px; height:215px;\" \/><\/div><FIGCAPTION class=\"\" data-alpha=\"5\" style=\"color:#ffffff; background-color:#6f0000; font-size:140; text-align:left; font-family:Default;\" ><div class=\"grid-gallery-figcaption-wrap\" style=\"\"><\/div><\/FIGCAPTION><\/FIGURE><FIGURE class=\"grid-gallery-caption\" data-grid-gallery-type=\"quarter-slide-up\" data-index=\"10\" style=\"display:none;border-radius:00;; margin:25.3px; width:3200;\" ><div class=\"crop\" style=\" width:3200; height:2150; overflow:hidden;\"><img decoding=\"async\" src=\"http:\/\/gierczynowka.pl\/wp-content\/uploads\/2021\/02\/g20-320x215.jpg\" class=\"ggImg ggNotInitImg\" alt=\"g20\" data-description=\"g20\" data-caption=\"g20\" data-title=\"g20\" style=\" width:320px; height:215px;\" \/><\/div><FIGCAPTION class=\"\" data-alpha=\"5\" style=\"color:#ffffff; background-color:#6f0000; font-size:140; text-align:left; font-family:Default;\" ><div class=\"grid-gallery-figcaption-wrap\" style=\"\"><\/div><\/FIGCAPTION><\/FIGURE><FIGURE class=\"grid-gallery-caption\" data-grid-gallery-type=\"quarter-slide-up\" data-index=\"11\" style=\"display:none;border-radius:00;; margin:25.3px; width:3200;\" ><div class=\"crop\" style=\" width:3200; height:2150; overflow:hidden;\"><img decoding=\"async\" src=\"http:\/\/gierczynowka.pl\/wp-content\/uploads\/2021\/02\/g22-320x215.jpg\" class=\"ggImg ggNotInitImg\" alt=\"g22\" data-description=\"g22\" data-caption=\"g22\" data-title=\"g22\" style=\" width:320px; height:215px;\" \/><\/div><FIGCAPTION class=\"\" data-alpha=\"5\" style=\"color:#ffffff; background-color:#6f0000; font-size:140; text-align:left; font-family:Default;\" ><div class=\"grid-gallery-figcaption-wrap\" style=\"\"><\/div><\/FIGCAPTION><\/FIGURE><FIGURE class=\"grid-gallery-caption\" data-grid-gallery-type=\"quarter-slide-up\" data-index=\"12\" style=\"display:none;border-radius:00;; margin:25.3px; width:3200;\" ><div class=\"crop\" style=\" width:3200; height:2150; overflow:hidden;\"><img decoding=\"async\" src=\"http:\/\/gierczynowka.pl\/wp-content\/uploads\/2021\/02\/g23-320x215.jpg\" class=\"ggImg ggNotInitImg\" alt=\"g23\" data-description=\"g23\" data-caption=\"g23\" data-title=\"g23\" style=\" width:320px; height:215px;\" \/><\/div><FIGCAPTION class=\"\" data-alpha=\"5\" style=\"color:#ffffff; background-color:#6f0000; font-size:140; text-align:left; font-family:Default;\" ><div class=\"grid-gallery-figcaption-wrap\" style=\"\"><\/div><\/FIGCAPTION><\/FIGURE><FIGURE class=\"grid-gallery-caption\" data-grid-gallery-type=\"quarter-slide-up\" data-index=\"13\" style=\"display:none;border-radius:00;; margin:25.3px; width:3200;\" ><div class=\"crop\" style=\" width:3200; height:2150; overflow:hidden;\"><img decoding=\"async\" src=\"http:\/\/gierczynowka.pl\/wp-content\/uploads\/2021\/02\/g21-320x215.jpg\" class=\"ggImg ggNotInitImg\" alt=\"g21\" data-description=\"g21\" data-caption=\"g21\" data-title=\"g21\" style=\" width:320px; height:215px;\" \/><\/div><FIGCAPTION class=\"\" data-alpha=\"5\" style=\"color:#ffffff; background-color:#6f0000; font-size:140; text-align:left; font-family:Default;\" ><div class=\"grid-gallery-figcaption-wrap\" style=\"\"><\/div><\/FIGCAPTION><\/FIGURE><FIGURE class=\"grid-gallery-caption\" data-grid-gallery-type=\"quarter-slide-up\" data-index=\"14\" style=\"display:none;border-radius:00;; margin:25.3px; width:3200;\" ><div class=\"crop\" style=\" width:3200; height:2150; overflow:hidden;\"><img decoding=\"async\" src=\"http:\/\/gierczynowka.pl\/wp-content\/uploads\/2021\/02\/g17-320x215.jpg\" class=\"ggImg ggNotInitImg\" alt=\"g17\" data-description=\"g17\" data-caption=\"g17\" data-title=\"g17\" style=\" width:320px; height:215px;\" \/><\/div><FIGCAPTION class=\"\" data-alpha=\"5\" style=\"color:#ffffff; background-color:#6f0000; font-size:140; text-align:left; font-family:Default;\" ><div class=\"grid-gallery-figcaption-wrap\" style=\"\"><\/div><\/FIGCAPTION><\/FIGURE> <div class=\"grid-gallery-clearfix\"><\/div> <\/div> <div class=\"gallery-sharing-bottom\" style=\"display:none;\"> <\/div> <div class=\"gallery-sharing-image\" style=\"display:none;\"> <\/div> <div class=\"gallery-sharing-popup\" style=\"display:none;\"> <\/div> <div class=\"grid-gallery-clearfix\"><\/div> <\/div> <!-- Gallery by Supsystic plugin1.15.27 -->\n","protected":false},"excerpt":{"rendered":"<p>Budownictwo drewniane, a w szczeg\u00f3lno\u015bci o konstrukcji ryglowej, stanowi charakterystyczny pejza\u017c wsi na Przedg\u00f3rzu Sudeckim. Nasz dom jest przyk\u0142adem wiernie odtworzonej konstrukcji charakterystycznej dla architektury wiejskiej w tej okolicy. \u201eGierczyn\u00f3wka\u201d to jeden ze starszych zachowanych dom\u00f3w budownictwa sudeckiego w tej okolicy. Zosta\u0142 wyremontowany z dba\u0142o\u015bci\u0105 o jego wygl\u0105d pierwotny.<\/p>\n","protected":false},"author":1,"featured_media":53,"parent":0,"menu_order":0,"comment_status":"closed","ping_status":"closed","template":"","meta":{"footnotes":""},"class_list":["post-9","page","type-page","status-publish","has-post-thumbnail","hentry"],"_links":{"self":[{"href":"https:\/\/gierczynowka.pl\/index.php\/wp-json\/wp\/v2\/pages\/9","targetHints":{"allow":["GET"]}}],"collection":[{"href":"https:\/\/gierczynowka.pl\/index.php\/wp-json\/wp\/v2\/pages"}],"about":[{"href":"https:\/\/gierczynowka.pl\/index.php\/wp-json\/wp\/v2\/types\/page"}],"author":[{"embeddable":true,"href":"https:\/\/gierczynowka.pl\/index.php\/wp-json\/wp\/v2\/users\/1"}],"replies":[{"embeddable":true,"href":"https:\/\/gierczynowka.pl\/index.php\/wp-json\/wp\/v2\/comments?post=9"}],"version-history":[{"count":12,"href":"https:\/\/gierczynowka.pl\/index.php\/wp-json\/wp\/v2\/pages\/9\/revisions"}],"predecessor-version":[{"id":435,"href":"https:\/\/gierczynowka.pl\/index.php\/wp-json\/wp\/v2\/pages\/9\/revisions\/435"}],"wp:featuredmedia":[{"embeddable":true,"href":"https:\/\/gierczynowka.pl\/index.php\/wp-json\/wp\/v2\/media\/53"}],"wp:attachment":[{"href":"https:\/\/gierczynowka.pl\/index.php\/wp-json\/wp\/v2\/media?parent=9"}],"curies":[{"name":"wp","href":"https:\/\/api.w.org\/{rel}","templated":true}]}}